{"id":3,"date":"2022-09-09T13:29:41","date_gmt":"2022-09-09T11:29:41","guid":{"rendered":"https:\/\/rea-sjever.hr\/onesun\/?page_id=3"},"modified":"2022-09-16T11:58:26","modified_gmt":"2022-09-16T09:58:26","slug":"pravila-privatnosti","status":"publish","type":"page","link":"https:\/\/rea-sjever.hr\/onesun\/pravila-privatnosti\/","title":{"rendered":"Za\u0161tita privatnosti"},"content":{"rendered":"\t\t<div data-elementor-type=\"wp-page\" data-elementor-id=\"3\" class=\"elementor elementor-3\" data-elementor-post-type=\"page\">\n\t\t\t\t\t\t<section class=\"elementor-section elementor-top-section elementor-element elementor-element-780da89d elementor-section-boxed elementor-section-height-default elementor-section-height-default\" data-id=\"780da89d\" data-element_type=\"section\" data-e-type=\"section\">\n\t\t\t\t\t\t<div class=\"elementor-container elementor-column-gap-default\">\n\t\t\t\t\t<div class=\"elementor-column elementor-col-100 elementor-top-column elementor-element elementor-element-1611e133\" data-id=\"1611e133\" data-element_type=\"column\" data-e-type=\"column\">\n\t\t\t<div class=\"elementor-widget-wrap elementor-element-populated\">\n\t\t\t\t\t\t<div class=\"elementor-element elementor-element-3277316 elementor-widget elementor-widget-heading\" data-id=\"3277316\" data-element_type=\"widget\" data-e-type=\"widget\" data-widget_type=\"heading.default\">\n\t\t\t\t<div class=\"elementor-widget-container\">\n\t\t\t\t\t<h2 class=\"elementor-heading-title elementor-size-default\">Pravila za\u0161tite privatnosti<\/h2>\t\t\t\t<\/div>\n\t\t\t\t<\/div>\n\t\t\t\t<div class=\"elementor-element elementor-element-33760938 elementor-widget elementor-widget-text-editor\" data-id=\"33760938\" data-element_type=\"widget\" data-e-type=\"widget\" data-widget_type=\"text-editor.default\">\n\t\t\t\t<div class=\"elementor-widget-container\">\n\t\t\t\t\t\t\t\t\t\n<h3 class=\"wp-block-heading\">1. Tko smo mi<\/h3>\n\n<p>Mi smo Regionalna energetska agencija Sjever d.o.o., Trg dr. \u017darka Dolinara 1, 48000 Koprivnica, Hrvatska (u daljnjem tekstu &#8220;REA SJEVER&#8221;).<\/p>\n<p>Mo\u017eete nas kontaktirati putem kontakt obrasca na na\u0161oj stranici, putem e-maila <a href=\"mailto:info@rea-sjever.hr\">info@rea-sjever.hr<\/a> ili putem po\u0161te na adresu Trg dr. \u017darka Dolinara 1, 48000 Koprivnica, Hrvatska.<\/p>\n\n<h3 class=\"wp-block-heading\">2. \u0160to obuhva\u0107a ova izjava o sigurnosti i privatnosti<\/h3>\n<p>Ova Izjava se odnosi na na\u0161u web stranicu rea-sjever.hr\/onesun i ostale usluge koje pru\u017eamo (u daljnjem tekstu &#8220;Servisi&#8221;). Izjava o sigurnosti i privatnosti odnosi se na osobne podatke i op\u0107enite podatke koje prikupljamo od Vas kada koristite Servise.<\/p>\n<p>Po\u0161tujemo Va\u0161e pravo na privatnost i obra\u0111ujemo samo osobne podatke u skladu s odgovaraju\u0107im odredbama Op\u0107e uredbe o za\u0161titi osobnih podataka od 25. svibnja 2018.<\/p>\n<p>REA Sjever sura\u0111uje s pouzdanim partnerima poput Googlea za analiti\u010dke alate (u daljnjem tekstu &#8220;Partneri&#8221;).<\/p>\n<p>Za osobne podatke obuhva\u0107ene ovom Izjavom o sigurnosti i privatnosti koju koristi web stranica, REA Sjever je voditelj obrade (eng. <em>data controller<\/em>) pod Op\u0107om uredbom o za\u0161titi osobnih podataka (GDPR).<\/p>\n\n<h3 class=\"wp-block-heading\">3. Podaci koje prikupljamo<\/h3>\n<p>Dok koristite na\u0161e web stranice mo\u017eemo prikupljati tehni\u010dke podatke o ure\u0111ajima s kojima pristupate na\u0161oj stranici, uklju\u010duju\u0107i: Internet i\/ili mobilnu vezu (uklju\u010duje IP adresu), podatke o marki mobilnog ure\u0111aja, Va\u0161 operacijski sustav koji koristite, tip preglednika (eng. browsera). Svi gore navedeni podaci su podaci na\u0161ih korisnika i ne odaju osobne podatke.<\/p>\n<p>Marketing e-po\u0161te: s Va\u0161im dopu\u0161tenjem mo\u017eemo Vam poslati e-po\u0161tu o na\u0161em projektu, novim partnerima projekta i drugim a\u017euriranjima.<\/p>\n<h3>4. Kako prikupljamo podatke o Vama<\/h3>\n<p>U mogu\u0107nosti smo prikupiti, obraditi i koristiti podatke o Vama u idu\u0107im situacijama:<\/p>\n<ul>\n<li>podatke koje upisujete dok koristite servise<\/li>\n<li>podatke koje dobijemo kada nas kontaktirate putem kontakt obrasca ili e-mail adrese<\/li>\n<\/ul>\n<p>\u00a0<\/p>\n<h3>5. Kola\u010di\u0107i (eng. cookies)<\/h3>\n<p>Upotrebljavamo kola\u010di\u0107e kako bi o Vama web stranica rea-sjever.hr\/onesun prikupljala informacije i pohranila Va\u0161e odabrane postavke na mre\u017ei. Kola\u010di\u0107i su tekstualne datoteke koje sadr\u017ee male koli\u010dine informacija koje se preuzimaju na Va\u0161 ure\u0111aj kada posjetite internetsku stranicu. Kada stranicu ponovno posjetite, kola\u010di\u0107i se vra\u0107aju pripadaju\u0107oj internetskoj stranici: to je korisno jer na\u0161oj internetskoj stranici omogu\u0107uje da prepozna Va\u0161 ure\u0111aj. Za vi\u0161e informacija o kola\u010di\u0107ima, posjetite <a href=\"https:\/\/www.allaboutcookies.org\" target=\"_blank\" rel=\"noopener\">www.allaboutcookies.org<\/a>.<\/p>\n<p>Upotrebljavamo sljede\u0107e kategorije kola\u010di\u0107a na stranici:<\/p>\n<h5>Kategorija 1: Strogo neophodni kola\u010di\u0107i (eng. session cookies)<\/h5>\n<p>Ovi su kola\u010di\u0107i nu\u017eni kako bi Vam omogu\u0107ili kretanje po Stranici i uporabu njezinih zna\u010dajki. Bez tih kola\u010di\u0107a ne mogu Vam se pru\u017eiti usluge koje ste zatra\u017eili.<\/p>\n<h5>Kategorija 2: Funkcionalni kola\u010di\u0107i (eng. persistent cookies)<\/h5>\n<p>Ovi kola\u010di\u0107i pamte Va\u0161e odabire. Takvi se podaci potom mogu upotrijebiti kako bi Vam se osiguralo iskustvo koje je prikladnije Va\u0161im odabirima i posje\u0107ivanje stranice koje je prilago\u0111enije Va\u0161im potrebama i navikama. Informacije koje prikupljaju ovi kola\u010di\u0107i mogu biti u anonimnom obliku i ovi kola\u010di\u0107i ne mogu pratiti Va\u0161u aktivnost pregledavanja na drugim internetskim stranicama.<\/p>\n<h5>Kategorija 3: Kola\u010di\u0107i tre\u0107ih strana<\/h5>\n<p>Google Analytics \u2013 servis za analizu posjeta stranici i unaprje\u0111enje sadr\u017eaja<\/p>\n<p>Ovi kola\u010di\u0107i prikupljaju informacije o tome kako se ljudi koriste stranicom. Primjerice, mi upotrebljavamo ove kola\u010di\u0107e kako bi nam pomogli razumjeti kako korisnici dolaze na stranicu, pregledavaju ili upotrebljavaju web stranicu te kako bi nam istaknuli pojedinosti koje mo\u017eemo pobolj\u0161ati kao \u0161to su navigacija i korisni\u010dko iskustvo. Ovi kola\u010di\u0107i sve informacije prikupljaju zbirno i stoga su takve informacije anonimne.<\/p>\n<p>Ako \u017eelite izbrisati bilo koje kola\u010di\u0107e koji su ve\u0107 na Va\u0161em ra\u010dunalu, na internetskom pregledniku, u dijelu vezanom uz pomo\u0107 i podr\u0161ku, potra\u017eite upute za pronala\u017eenje datoteke ili direktorija koji pohranjuje kola\u010di\u0107e. Imajte na umu da brisanjem kola\u010di\u0107a (ili onemogu\u0107avanjem budu\u0107ih kola\u010di\u0107a) mo\u017eda ne\u0107ete mo\u0107i pristupiti odre\u0111enim dijelovima ili zna\u010dajkama stranice.<\/p>\n<h3>6. Kako koristimo Va\u0161e podatke?<\/h3>\n<p>Va\u0161e podatke obra\u0111ujemo isklju\u010divo kako bismo mogli ispuniti uslugu servisa koji ste koristili, da ispunimo pravne obveze (npr. ra\u010dunovodstvo) ili iz drugih razloga koji su bitni da Vas dr\u017eimo obavije\u0161tenim\/om kako bismo Vas za\u0161titili od prijevare. Za sve ostale svrhe \u0107emo Vas uvijek pitati za dozvolu i nuditi mogu\u0107nost povla\u010denja te dozvole u bilo kojem trenutku.<\/p>\n<p>Va\u0161e osobne podatke mo\u017eemo otkriti ako je to zakonski zahtjevano ili ako kr\u0161ite na\u0161e Uvjete kori\u0161tenja ili Uvjete kupnje.<\/p>\n<h3>7. Kako upravljamo Va\u0161im podacima<\/h3>\n<p>Podaci koje unosite putem web stranice smje\u0161teni su na serveru koji se nalazi unutar Europske unije i kojem samo mi kao vlasnici imamo pristup. Na serveru se redovito provode mjere za\u0161tite osobnih podataka protiv neovla\u0161tenog ili nezakonitog postupanja, slu\u010dajnog gubitka uni\u0161tavanja ili o\u0161te\u0107enja. Server se nalazi smje\u0161ten u vrhunski osiguranim data centrima s kontrolom pristupa i sigurnosnim sustavima.<\/p>\n<h5>Koliko dugo \u010duvamo Va\u0161e podatke?<\/h5>\n<p>Osobne podatke \u010duvamo dokle god je to potrebno u svrhu ispunjenja obveza pokrivenih ovom Izjavom o sigurnosti i privatnosti. U iznimnim slu\u010dajevima kada to nala\u017ee zakon, ra\u010dunovodstvo ili neka druga zakonska pravila\/obaveza, rok \u010duvanja Va\u0161ih podataka mo\u017ee biti du\u017ei od navedenog. Ukoliko vi\u0161e ne\u0107emo imati razloga za \u010duvanje Va\u0161ih podataka isti \u0107e biti obrisani odnosno uni\u0161teni.<\/p>\n<p>Va\u0161i podaci se pohranjuju dokle god koristite na\u0161e servise. Ukoliko odlu\u010dite prestati koristiti na\u0161e servise odre\u0111eni podaci prikupljeni o Vama ostati \u0107e u svrhu ispunjenja poreznih, pravnih i ra\u010dunovodstvenih obveza.<\/p>\n<h5>Kako mo\u017eete povu\u0107i pristanak?<\/h5>\n<p>Ako se nakon pristanka predomislite, mo\u017eete povu\u0107i Va\u0161u suglasnost da Vas kontaktiramo, za kontinuirano prikupljanje, kori\u0161tenje ili otkrivanje va\u0161ih podataka u bilo koje vrijeme kontaktiraju\u0107i nas na mail: <a href=\"mailto:info@rea-sjever.hr\">info@rea-sjever.hr<\/a>.<\/p>\n<h3>8. Kako koristimo Va\u0161e podatke?<\/h3>\n<p>Prikupljene podatke koristimo na sljede\u0107e na\u010dine:<\/p>\n<ul>\n<li>da bismo ispunili na\u0161e obveze u pru\u017eanju kori\u0161tenja servisa<\/li>\n<li>da bismo osigurali u\u010dinkovit rad servisa za ra\u010dunalo ili neki drugi ure\u0111aj s kojega pristupate<\/li>\n<li>da bismo Vam pru\u017eili informacije za koje smatramo da su primjerene Vama, poput slanja obavijesti e-mailom o stvarima vezanim uz servis<\/li>\n<li>kako bismo procijenili u\u010dinkovitost na\u0161ih marketin\u0161kih aktivnosti i pobolj\u0161ali kvalitetu na\u0161eg marketinga<\/li>\n<li>za porezne, pravne i ra\u010dunovodstvene potrebe<\/li>\n<li>za svrhu odgovornosti definirane zakonodavstvom Europske unije (GDPR).<\/li>\n<\/ul>\n<p>\u00a0<\/p>\n<h3>9. Dijeljenje podataka<\/h3>\n<p>Va\u0161e podatke ne dijelimo s tre\u0107im stranama. Postoje iznimke, u slu\u010daju na\u0161ih Partnera, kada dijelimo najosnovnije potrebne podatke s ciljem da nam pomognu u ispunjenju na\u0161ih obveza prema Vama. Partneri stoga mogu imati potencijalni ili pravi pristup ograni\u010denim podacima o Vama i obra\u0111ivati ih u na\u0161e ime. Slu\u017ebeni naziv im je Izvr\u0161itelji obrade (eng. data processors):<\/p>\n<ul>\n<li>dobavlja\u010di analiti\u010dkih alata (Google);<\/li>\n<li>partneri projekta koji s REA Sjever i Gradom Koprivnica imaju sklopljen Sporazum o suradnji (podnositelj zahtjeva za za\u0161titu osobnih podataka odnosno osoba koja ustupa osobne podatke u svakom trenutku mo\u017ee zatra\u017eiti dostavu popisa Partnera, a oni su tako\u0111er uvijek istaknuti na naslovnici web stranice rea-sjever.hr\/onesun)<\/li>\n<\/ul>\n<p>\u00a0<\/p>\n<p>Va\u0161i podaci mogu biti obra\u0111ivani, pohranjeni i preneseni van zemlje prebivali\u0161ta ili Europske unije, i to u Sjedinjene Ameri\u010dke Dr\u017eave. Zakoni o privatnosti u toj dr\u017eavi mo\u017eda nemaju jednak nivo za\u0161tite kao u Va\u0161oj dr\u017eavi ili Europskoj uniji. Kada god dijelimo Va\u0161e osobne podatke van Europske unije, to \u010dinimo na temelju standardnih ugovornih klauzula Europske unije koje su zakonski va\u017ee\u0107e mjere koje nam omogu\u0107uju prijenos Va\u0161ih podataka i ostvarivanje njihove adekvatne za\u0161tite.<\/p>\n<h3>10. Ostalo<\/h3>\n<p>Imajte na umu da podlije\u017eemo razli\u010ditim zakonima i da smo ovla\u0161teni na zahtjev tijela dr\u017eavne vlasti ili nekog drugog oblika pravne obveze podijeliti Va\u0161e osobne podatke. U slu\u010daju reorganizacije ili prijenosa vlasni\u0161tva servisa imamo pravo prenijeti Va\u0161e osobne podatke uklju\u010denoj tre\u0107oj strani koja \u0107e ih za\u0161titi u najmanje jednakoj mjeri kao mi u ovoj Izjavi o sigurnosti i privatnosti.<\/p>\n<h5>Linkovi<\/h5>\n<p>Kada kliknete veze na na\u0161oj stranici, oni Vas mogu usmjeriti s na\u0161e web stranice. Nismo odgovorni za praksu privatnosti drugih web mjesta i poti\u010demo Vas da pro\u010ditate njihove izjave o privatnosti.<\/p>\n<h3>11. Va\u0161a prava<\/h3>\n<p>Pod zakonom Eurpske unije imate mogu\u0107nost na dodatna prava oko za\u0161tite osobnih podataka, stoga ovisno o Va\u0161em prebivali\u0161tu mo\u017eete imati pravo i na:<\/p>\n<ul>\n<li>pristup podacima koje dr\u017eimo o Vama<\/li>\n<li>zatra\u017eiti brisanje Va\u0161ih osobnih podataka iz na\u0161eg sustava<\/li>\n<li>zatra\u017eiti a\u017euriranje\/izmjene Va\u0161ih osobnih podatka<\/li>\n<li>zatra\u017eiti ograni\u010davanje obrade Va\u0161ih podataka<\/li>\n<li>zatra\u017eiti prijenos Va\u0161ih podataka tre\u0107oj strani<\/li>\n<li>podnijeti \u017ealbu nadle\u017enom tijelu za za\u0161titu podataka<\/li>\n<\/ul>\n<p>\u00a0<\/p>\n<p>Prava mo\u017eete ostvariti kontaktom na mail: <a href=\"mailto:info@rea-sjever.hr\">info@rea-sjever.hr<\/a>.<\/p>\n<h3>PITANJA I KONTAKT PODACI<\/h3>\n<p>Ako \u017eelite: pristupiti, ispraviti, izmijeniti ili izbrisati sve osobne podatke koje imamo o Vama, registrirati pritu\u017ebu ili jednostavno zatra\u017eiti dodatne informacije, obratite se na\u0161em slu\u017ebeniku za za\u0161titu osobnih podataka na:<\/p>\n<p><a href=\"mailto:nikola.terzic@rea-sjever.hr\">nikola.terzic@rea-sjever.hr<\/a><br \/>[Re: Privacy Compliance Officer]<\/p>\n<p>Rea Sjever<br \/><a href=\"mailto:info@rea-sjever.hr\">info@rea-sjever.hr<\/a><\/p>\n<p>Zadnja izmjena<br \/>15. rujna 2022.<\/p>\n\t\t\t\t\t\t\t\t<\/div>\n\t\t\t\t<\/div>\n\t\t\t\t\t<\/div>\n\t\t<\/div>\n\t\t\t\t\t<\/div>\n\t\t<\/section>\n\t\t\t\t<\/div>\n\t\t","protected":false},"excerpt":{"rendered":"<p>Pravila za\u0161tite privatnosti 1. Tko smo mi Mi smo Regionalna energetska agencija Sjever d.o.o., Trg dr. \u017darka Dolinara 1, 48000 Koprivnica, Hrvatska (u daljnjem tekstu &#8220;REA SJEVER&#8221;). Mo\u017eete nas kontaktirati putem kontakt obrasca na na\u0161oj stranici, putem e-maila info@rea-sjever.hr ili putem po\u0161te na adresu Trg dr. \u017darka Dolinara 1, 48000 Koprivnica, Hrvatska. 2. \u0160to obuhva\u0107a [&hellip;]<\/p>\n","protected":false},"author":1,"featured_media":0,"parent":0,"menu_order":0,"comment_status":"closed","ping_status":"open","template":"","meta":{"_acf_changed":false,"footnotes":""},"class_list":["post-3","page","type-page","status-publish","hentry"],"acf":[],"_links":{"self":[{"href":"https:\/\/rea-sjever.hr\/onesun\/wp-json\/wp\/v2\/pages\/3","targetHints":{"allow":["GET"]}}],"collection":[{"href":"https:\/\/rea-sjever.hr\/onesun\/wp-json\/wp\/v2\/pages"}],"about":[{"href":"https:\/\/rea-sjever.hr\/onesun\/wp-json\/wp\/v2\/types\/page"}],"author":[{"embeddable":true,"href":"https:\/\/rea-sjever.hr\/onesun\/wp-json\/wp\/v2\/users\/1"}],"replies":[{"embeddable":true,"href":"https:\/\/rea-sjever.hr\/onesun\/wp-json\/wp\/v2\/comments?post=3"}],"version-history":[{"count":4,"href":"https:\/\/rea-sjever.hr\/onesun\/wp-json\/wp\/v2\/pages\/3\/revisions"}],"predecessor-version":[{"id":409,"href":"https:\/\/rea-sjever.hr\/onesun\/wp-json\/wp\/v2\/pages\/3\/revisions\/409"}],"wp:attachment":[{"href":"https:\/\/rea-sjever.hr\/onesun\/wp-json\/wp\/v2\/media?parent=3"}],"curies":[{"name":"wp","href":"https:\/\/api.w.org\/{rel}","templated":true}]}}